{"id":72,"date":"2025-01-14T20:51:16","date_gmt":"2025-01-14T20:51:16","guid":{"rendered":"http:\/\/www.atilimbicak.com\/?page_id=72"},"modified":"2025-02-10T20:48:50","modified_gmt":"2025-02-10T20:48:50","slug":"e-katalog","status":"publish","type":"page","link":"http:\/\/www.atilimbicak.com\/?page_id=72","title":{"rendered":"E-KATALOG"},"content":{"rendered":"","protected":false},"excerpt":{"rendered":"","protected":false},"author":1,"featured_media":0,"parent":0,"menu_order":0,"comment_status":"closed","ping_status":"closed","template":"templates\/template_gallery.php","meta":{"footnotes":""},"class_list":["post-72","page","type-page","status-publish","hentry"],"yoast_head":"<!-- This site is optimized with the Yoast SEO plugin v26.8 - https:\/\/yoast.com\/product\/yoast-seo-wordpress\/ -->\n<title>E-KATALOG - At\u0131l\u0131m Sanayi B\u0131\u00e7aklar\u0131<\/title>\n<meta name=\"description\" content=\"At\u0131l\u0131m Sanayi B\u0131\u00e7aklar\u0131\" \/>\n<meta name=\"robots\" content=\"index, follow, max-snippet:-1, max-image-preview:large, max-video-preview:-1\" \/>\n<link rel=\"canonical\" href=\"http:\/\/www.atilimbicak.com\/?page_id=72\" \/>\n<meta property=\"og:locale\" content=\"tr_TR\" \/>\n<meta property=\"og:type\" content=\"article\" \/>\n<meta property=\"og:title\" content=\"E-KATALOG - At\u0131l\u0131m Sanayi B\u0131\u00e7aklar\u0131\" \/>\n<meta property=\"og:description\" content=\"At\u0131l\u0131m Sanayi B\u0131\u00e7aklar\u0131\" \/>\n<meta property=\"og:url\" content=\"http:\/\/www.atilimbicak.com\/?page_id=72\" \/>\n<meta property=\"og:site_name\" content=\"At\u0131l\u0131m Sanayi B\u0131\u00e7aklar\u0131\" \/>\n<meta property=\"article:modified_time\" content=\"2025-02-10T20:48:50+00:00\" \/>\n<meta name=\"twitter:card\" content=\"summary_large_image\" \/>\n<script type=\"application\/ld+json\" class=\"yoast-schema-graph\">{\"@context\":\"https:\/\/schema.org\",\"@graph\":[{\"@type\":\"WebPage\",\"@id\":\"http:\/\/www.atilimbicak.com\/?page_id=72\",\"url\":\"http:\/\/www.atilimbicak.com\/?page_id=72\",\"name\":\"E-KATALOG - At\u0131l\u0131m Sanayi B\u0131\u00e7aklar\u0131\",\"isPartOf\":{\"@id\":\"http:\/\/www.atilimbicak.com\/#website\"},\"datePublished\":\"2025-01-14T20:51:16+00:00\",\"dateModified\":\"2025-02-10T20:48:50+00:00\",\"description\":\"At\u0131l\u0131m Sanayi B\u0131\u00e7aklar\u0131\",\"breadcrumb\":{\"@id\":\"http:\/\/www.atilimbicak.com\/?page_id=72#breadcrumb\"},\"inLanguage\":\"tr\",\"potentialAction\":[{\"@type\":\"ReadAction\",\"target\":[\"http:\/\/www.atilimbicak.com\/?page_id=72\"]}]},{\"@type\":\"BreadcrumbList\",\"@id\":\"http:\/\/www.atilimbicak.com\/?page_id=72#breadcrumb\",\"itemListElement\":[{\"@type\":\"ListItem\",\"position\":1,\"name\":\"Anasayfa\",\"item\":\"http:\/\/www.atilimbicak.com\/\"},{\"@type\":\"ListItem\",\"position\":2,\"name\":\"E-KATALOG\"}]},{\"@type\":\"WebSite\",\"@id\":\"http:\/\/www.atilimbicak.com\/#website\",\"url\":\"http:\/\/www.atilimbicak.com\/\",\"name\":\"At\u0131l\u0131m Sanayi B\u0131\u00e7aklar\u0131\",\"description\":\"At\u0131l\u0131m Sanayi B\u0131\u00e7aklar\u0131\",\"publisher\":{\"@id\":\"http:\/\/www.atilimbicak.com\/#organization\"},\"alternateName\":\"At\u0131l\u0131m B\u0131\u00e7ak\",\"potentialAction\":[{\"@type\":\"SearchAction\",\"target\":{\"@type\":\"EntryPoint\",\"urlTemplate\":\"http:\/\/www.atilimbicak.com\/?s={search_term_string}\"},\"query-input\":{\"@type\":\"PropertyValueSpecification\",\"valueRequired\":true,\"valueName\":\"search_term_string\"}}],\"inLanguage\":\"tr\"},{\"@type\":\"Organization\",\"@id\":\"http:\/\/www.atilimbicak.com\/#organization\",\"name\":\"At\u0131l\u0131m Sanayi B\u0131\u00e7aklar\u0131\",\"alternateName\":\"At\u0131l\u0131m B\u0131\u00e7ak\",\"url\":\"http:\/\/www.atilimbicak.com\/\",\"logo\":{\"@type\":\"ImageObject\",\"inLanguage\":\"tr\",\"@id\":\"http:\/\/www.atilimbicak.com\/#\/schema\/logo\/image\/\",\"url\":\"http:\/\/www.atilimbicak.com\/wp-content\/uploads\/2025\/01\/the-avengers-capitao-america-log-2.png\",\"contentUrl\":\"http:\/\/www.atilimbicak.com\/wp-content\/uploads\/2025\/01\/the-avengers-capitao-america-log-2.png\",\"width\":100,\"height\":100,\"caption\":\"At\u0131l\u0131m Sanayi B\u0131\u00e7aklar\u0131\"},\"image\":{\"@id\":\"http:\/\/www.atilimbicak.com\/#\/schema\/logo\/image\/\"}}]}<\/script>\n<!-- \/ Yoast SEO plugin. -->","yoast_head_json":{"title":"E-KATALOG - At\u0131l\u0131m Sanayi B\u0131\u00e7aklar\u0131","description":"At\u0131l\u0131m Sanayi B\u0131\u00e7aklar\u0131","robots":{"index":"index","follow":"follow","max-snippet":"max-snippet:-1","max-image-preview":"max-image-preview:large","max-video-preview":"max-video-preview:-1"},"canonical":"http:\/\/www.atilimbicak.com\/?page_id=72","og_locale":"tr_TR","og_type":"article","og_title":"E-KATALOG - At\u0131l\u0131m Sanayi B\u0131\u00e7aklar\u0131","og_description":"At\u0131l\u0131m Sanayi B\u0131\u00e7aklar\u0131","og_url":"http:\/\/www.atilimbicak.com\/?page_id=72","og_site_name":"At\u0131l\u0131m Sanayi B\u0131\u00e7aklar\u0131","article_modified_time":"2025-02-10T20:48:50+00:00","twitter_card":"summary_large_image","schema":{"@context":"https:\/\/schema.org","@graph":[{"@type":"WebPage","@id":"http:\/\/www.atilimbicak.com\/?page_id=72","url":"http:\/\/www.atilimbicak.com\/?page_id=72","name":"E-KATALOG - At\u0131l\u0131m Sanayi B\u0131\u00e7aklar\u0131","isPartOf":{"@id":"http:\/\/www.atilimbicak.com\/#website"},"datePublished":"2025-01-14T20:51:16+00:00","dateModified":"2025-02-10T20:48:50+00:00","description":"At\u0131l\u0131m Sanayi B\u0131\u00e7aklar\u0131","breadcrumb":{"@id":"http:\/\/www.atilimbicak.com\/?page_id=72#breadcrumb"},"inLanguage":"tr","potentialAction":[{"@type":"ReadAction","target":["http:\/\/www.atilimbicak.com\/?page_id=72"]}]},{"@type":"BreadcrumbList","@id":"http:\/\/www.atilimbicak.com\/?page_id=72#breadcrumb","itemListElement":[{"@type":"ListItem","position":1,"name":"Anasayfa","item":"http:\/\/www.atilimbicak.com\/"},{"@type":"ListItem","position":2,"name":"E-KATALOG"}]},{"@type":"WebSite","@id":"http:\/\/www.atilimbicak.com\/#website","url":"http:\/\/www.atilimbicak.com\/","name":"At\u0131l\u0131m Sanayi B\u0131\u00e7aklar\u0131","description":"At\u0131l\u0131m Sanayi B\u0131\u00e7aklar\u0131","publisher":{"@id":"http:\/\/www.atilimbicak.com\/#organization"},"alternateName":"At\u0131l\u0131m B\u0131\u00e7ak","potentialAction":[{"@type":"SearchAction","target":{"@type":"EntryPoint","urlTemplate":"http:\/\/www.atilimbicak.com\/?s={search_term_string}"},"query-input":{"@type":"PropertyValueSpecification","valueRequired":true,"valueName":"search_term_string"}}],"inLanguage":"tr"},{"@type":"Organization","@id":"http:\/\/www.atilimbicak.com\/#organization","name":"At\u0131l\u0131m Sanayi B\u0131\u00e7aklar\u0131","alternateName":"At\u0131l\u0131m B\u0131\u00e7ak","url":"http:\/\/www.atilimbicak.com\/","logo":{"@type":"ImageObject","inLanguage":"tr","@id":"http:\/\/www.atilimbicak.com\/#\/schema\/logo\/image\/","url":"http:\/\/www.atilimbicak.com\/wp-content\/uploads\/2025\/01\/the-avengers-capitao-america-log-2.png","contentUrl":"http:\/\/www.atilimbicak.com\/wp-content\/uploads\/2025\/01\/the-avengers-capitao-america-log-2.png","width":100,"height":100,"caption":"At\u0131l\u0131m Sanayi B\u0131\u00e7aklar\u0131"},"image":{"@id":"http:\/\/www.atilimbicak.com\/#\/schema\/logo\/image\/"}}]}},"_links":{"self":[{"href":"http:\/\/www.atilimbicak.com\/index.php?rest_route=\/wp\/v2\/pages\/72","targetHints":{"allow":["GET"]}}],"collection":[{"href":"http:\/\/www.atilimbicak.com\/index.php?rest_route=\/wp\/v2\/pages"}],"about":[{"href":"http:\/\/www.atilimbicak.com\/index.php?rest_route=\/wp\/v2\/types\/page"}],"author":[{"embeddable":true,"href":"http:\/\/www.atilimbicak.com\/index.php?rest_route=\/wp\/v2\/users\/1"}],"replies":[{"embeddable":true,"href":"http:\/\/www.atilimbicak.com\/index.php?rest_route=%2Fwp%2Fv2%2Fcomments&post=72"}],"version-history":[{"count":1,"href":"http:\/\/www.atilimbicak.com\/index.php?rest_route=\/wp\/v2\/pages\/72\/revisions"}],"predecessor-version":[{"id":73,"href":"http:\/\/www.atilimbicak.com\/index.php?rest_route=\/wp\/v2\/pages\/72\/revisions\/73"}],"wp:attachment":[{"href":"http:\/\/www.atilimbicak.com\/index.php?rest_route=%2Fwp%2Fv2%2Fmedia&parent=72"}],"curies":[{"name":"wp","href":"https:\/\/api.w.org\/{rel}","templated":true}]}}